{"id":2,"date":"2016-05-10T03:48:21","date_gmt":"2016-05-10T03:48:21","guid":{"rendered":"http:\/\/garagenpark-giessen.de\/?page_id=2"},"modified":"2018-10-16T13:39:27","modified_gmt":"2018-10-16T13:39:27","slug":"sample-page","status":"publish","type":"page","link":"http:\/\/garagenpark-giessen.de\/?page_id=2","title":{"rendered":"Impressum"},"content":{"rendered":"<p>Impressum<\/p>\n<p>Angaben gem\u00e4\u00df \u00a7 5 TMG<br \/>\nCassalla GmbH<br \/>\nFalderbaumstr.25<br \/>\n34123 Kassel<br \/>\nHandelsregister: HRB14220<br \/>\nRegistergericht: Amtsgericht Kassel<br \/>\nVertreten durch die Gesch\u00e4ftsf\u00fchrer:<br \/>\nUwe Fetzer<br \/>\nBernd G\u00fcnther<\/p>\n<p>Kontakt<br \/>\nTelefon: 06408918256<br \/>\nTelefax: 06408918201<br \/>\nE-Mail: b.guenther@cassalla.de<\/p>\n<p>Streitschlichtung<br \/>\nDie Europ\u00e4ische Kommission stellt eine Plattform zur Online-Streitbeilegung (OS) bereit:<br \/>\nhttps:\/\/ec.europa.eu\/consumers\/odr.<br \/>\nUnsere E-Mail-Adresse finden Sie oben im Impressum.<br \/>\nWir sind nicht bereit oder verpflichtet, an Streitbeilegungsverfahren vor einer<br \/>\nVerbraucherschlichtungsstelle teilzunehmen<\/p>\n","protected":false},"excerpt":{"rendered":"<p>Impressum Angaben gem\u00e4\u00df \u00a7 5 TMG Cassalla GmbH Falderbaumstr.25 34123 Kassel Handelsregister: HRB14220 Registergericht: Amtsgericht Kassel Vertreten durch die Gesch\u00e4ftsf\u00fchrer: Uwe Fetzer Bernd G\u00fcnther Kontakt Telefon: 06408918256 Telefax: 06408918201 E-Mail: b.guenther@cassalla.de Streitschlichtung Die Europ\u00e4ische Kommission stellt eine Plattform zur Online-Streitbeilegung (OS) bereit: https:\/\/ec.europa.eu\/consumers\/odr. Unsere E-Mail-Adresse finden Sie oben im Impressum&#8230;.<\/p>\n","protected":false},"author":1,"featured_media":0,"parent":0,"menu_order":0,"comment_status":"closed","ping_status":"open","template":"","meta":{"footnotes":""},"class_list":["post-2","page","type-page","status-publish","hentry"],"_links":{"self":[{"href":"http:\/\/garagenpark-giessen.de\/index.php?rest_route=\/wp\/v2\/pages\/2","targetHints":{"allow":["GET"]}}],"collection":[{"href":"http:\/\/garagenpark-giessen.de\/index.php?rest_route=\/wp\/v2\/pages"}],"about":[{"href":"http:\/\/garagenpark-giessen.de\/index.php?rest_route=\/wp\/v2\/types\/page"}],"author":[{"embeddable":true,"href":"http:\/\/garagenpark-giessen.de\/index.php?rest_route=\/wp\/v2\/users\/1"}],"replies":[{"embeddable":true,"href":"http:\/\/garagenpark-giessen.de\/index.php?rest_route=%2Fwp%2Fv2%2Fcomments&post=2"}],"version-history":[{"count":3,"href":"http:\/\/garagenpark-giessen.de\/index.php?rest_route=\/wp\/v2\/pages\/2\/revisions"}],"predecessor-version":[{"id":85,"href":"http:\/\/garagenpark-giessen.de\/index.php?rest_route=\/wp\/v2\/pages\/2\/revisions\/85"}],"wp:attachment":[{"href":"http:\/\/garagenpark-giessen.de\/index.php?rest_route=%2Fwp%2Fv2%2Fmedia&parent=2"}],"curies":[{"name":"wp","href":"https:\/\/api.w.org\/{rel}","templated":true}]}}