{"id":11,"date":"2018-09-24T14:49:22","date_gmt":"2018-09-24T14:49:22","guid":{"rendered":"http:\/\/garagenpark-giessen.de\/?page_id=11"},"modified":"2023-02-28T13:57:16","modified_gmt":"2023-02-28T13:57:16","slug":"home","status":"publish","type":"page","link":"http:\/\/garagenpark-giessen.de\/","title":{"rendered":"Home"},"content":{"rendered":"<h3 style=\"text-align: center;\">Wir schaffen Platz f\u00fcr Sie!<\/h3>\n<p style=\"text-align: center;\">Egal ob Ihr Fahrzeug, Ihre alten M\u00f6bel oder als Zwischenablage f\u00fcr den Umzug, bei uns findet alles seinen Platz in einer unserer neuen Garagen.<\/p>\n<p style=\"text-align: center;\"><span style=\"color: #ff0000;\"><strong>Achtung<\/strong>: <strong>Derzeit<\/strong> <strong>stehen keine freien Garagen oder Stellpl\u00e4tze zur Verf\u00fcgung, wir sind ausgebucht! (Stand 03\/2023)<\/strong><\/span><\/p>\n<p style=\"text-align: center;\">Bei Fragen nutzen Sie gerne unser Kontaktformular.<\/p>\n<p style=\"text-align: left;\">Unsere Vorteile im \u00dcberblick:<\/p>\n<ul>\n<li style=\"text-align: left;\"><strong>Kontrollierte Zufahrt<\/strong><\/li>\n<li style=\"text-align: left;\"><strong>Komplettes Gel\u00e4nde wird per Kameras \u00fcberwacht<\/strong><\/li>\n<li style=\"text-align: left;\"><strong>Alle Garagen verf\u00fcgen \u00fcber einen Stromanschluss und Beleuchtung mit Bewegungsmelder<\/strong><\/li>\n<li style=\"text-align: left;\"><strong>Ansprechpartner von 8-18 Uhr werktags immer vor Ort<\/strong><\/li>\n<\/ul>\n","protected":false},"excerpt":{"rendered":"<p>Wir schaffen Platz f\u00fcr Sie! Egal ob Ihr Fahrzeug, Ihre alten M\u00f6bel oder als Zwischenablage f\u00fcr den Umzug, bei uns findet alles seinen Platz in einer unserer neuen Garagen. Achtung: Derzeit stehen keine freien Garagen oder Stellpl\u00e4tze zur Verf\u00fcgung, wir sind ausgebucht! (Stand 03\/2023) Bei Fragen nutzen Sie gerne unser&#8230;<\/p>\n","protected":false},"author":1,"featured_media":0,"parent":0,"menu_order":0,"comment_status":"closed","ping_status":"closed","template":"templates\/full-width-page.php","meta":{"footnotes":""},"class_list":["post-11","page","type-page","status-publish","hentry"],"_links":{"self":[{"href":"http:\/\/garagenpark-giessen.de\/index.php?rest_route=\/wp\/v2\/pages\/11","targetHints":{"allow":["GET"]}}],"collection":[{"href":"http:\/\/garagenpark-giessen.de\/index.php?rest_route=\/wp\/v2\/pages"}],"about":[{"href":"http:\/\/garagenpark-giessen.de\/index.php?rest_route=\/wp\/v2\/types\/page"}],"author":[{"embeddable":true,"href":"http:\/\/garagenpark-giessen.de\/index.php?rest_route=\/wp\/v2\/users\/1"}],"replies":[{"embeddable":true,"href":"http:\/\/garagenpark-giessen.de\/index.php?rest_route=%2Fwp%2Fv2%2Fcomments&post=11"}],"version-history":[{"count":6,"href":"http:\/\/garagenpark-giessen.de\/index.php?rest_route=\/wp\/v2\/pages\/11\/revisions"}],"predecessor-version":[{"id":107,"href":"http:\/\/garagenpark-giessen.de\/index.php?rest_route=\/wp\/v2\/pages\/11\/revisions\/107"}],"wp:attachment":[{"href":"http:\/\/garagenpark-giessen.de\/index.php?rest_route=%2Fwp%2Fv2%2Fmedia&parent=11"}],"curies":[{"name":"wp","href":"https:\/\/api.w.org\/{rel}","templated":true}]}}